{"id":1533,"date":"2022-12-14T13:33:30","date_gmt":"2022-12-14T11:33:30","guid":{"rendered":"https:\/\/slavchess.com\/products\/%d7%a1%d7%a4%d7%a8-%d7%91%d7%90%d7%a0%d7%92%d7%9c%d7%99%d7%aa-reform-chess-by-laszlo-polgar\/"},"modified":"2022-12-14T13:36:34","modified_gmt":"2022-12-14T11:36:34","slug":"%d7%a1%d7%a4%d7%a8-%d7%91%d7%90%d7%a0%d7%92%d7%9c%d7%99%d7%aa-reform-chess-by-laszlo-polgar","status":"publish","type":"product","link":"https:\/\/slavchess.com\/en\/products\/%d7%a1%d7%a4%d7%a8-%d7%91%d7%90%d7%a0%d7%92%d7%9c%d7%99%d7%aa-reform-chess-by-laszlo-polgar\/","title":{"rendered":"Reform-Chess  by L\u00e1szl\u00f3 Polg\u00e1r"},"content":{"rendered":"<p>Reform-Chess is a book, written by L\u00e1szl\u00f3 Polg\u00e1r, the famous father and trainer of the well known `Polgar sisters&#8217;. In this book, Polg\u00e1r proposes four small chess variants, differing from standard chess by a different board size (8 by 6, 6 by 8, 9 by 6, or 5 by 8), and a different setup procedure (pawns are set up on the second row; players then alternatingly setup a piece on their first rows.)<br \/>\nThe book contains many many diagrams of chess positions, useful for training purposes. Several are very easy (e.g., mate in one positions), some are harder. Also, some positions have the setup of pieces in the form of a letter of the alphabet.<\/p>\n","protected":false},"excerpt":{"rendered":"<p>The book also gives the solutions to the problems, a small bibliography, and text in five languages, including English, German, French, and Hungarian.pages<br \/>\n476 <\/p>\n","protected":false},"featured_media":1532,"comment_status":"open","ping_status":"closed","template":"","meta":{"inline_featured_image":false},"product_brand":[],"product_cat":[15],"product_tag":[],"class_list":{"0":"post-1533","1":"product","2":"type-product","3":"status-publish","4":"has-post-thumbnail","6":"product_cat-chess-books","8":"first","9":"outofstock","10":"sale","11":"sold-individually","12":"taxable","13":"shipping-taxable","14":"purchasable","15":"product-type-simple"},"yoast_head":"<!-- This site is optimized with the Yoast SEO plugin v24.8.1 - https:\/\/yoast.com\/wordpress\/plugins\/seo\/ -->\n<title>Reform-Chess by L\u00e1szl\u00f3 Polg\u00e1r - Chess Store<\/title>\n<meta name=\"description\" content=\"Reform-Chess by L\u00e1szl\u00f3 Polg\u00e1r The only chess store in Israel and the official representative of the world&#039;s leading chess companies Chess Store\" \/>\n<meta name=\"robots\" content=\"index, follow, max-snippet:-1, max-image-preview:large, max-video-preview:-1\" \/>\n<link rel=\"canonical\" href=\"https:\/\/slavchess.com\/en\/products\/\u05e1\u05e4\u05e8-\u05d1\u05d0\u05e0\u05d2\u05dc\u05d9\u05ea-reform-chess-by-laszlo-polgar\/\" \/>\n<meta property=\"og:locale\" content=\"en_US\" \/>\n<meta property=\"og:type\" content=\"article\" \/>\n<meta property=\"og:title\" content=\"Reform-Chess by L\u00e1szl\u00f3 Polg\u00e1r - Chess Store\" \/>\n<meta property=\"og:description\" content=\"Reform-Chess by L\u00e1szl\u00f3 Polg\u00e1r The only chess store in Israel and the official representative of the world&#039;s leading chess companies Chess Store\" \/>\n<meta property=\"og:url\" content=\"https:\/\/slavchess.com\/en\/products\/\u05e1\u05e4\u05e8-\u05d1\u05d0\u05e0\u05d2\u05dc\u05d9\u05ea-reform-chess-by-laszlo-polgar\/\" \/>\n<meta property=\"og:site_name\" content=\"Chess Store\" \/>\n<meta property=\"article:modified_time\" content=\"2022-12-14T11:36:34+00:00\" \/>\n<meta property=\"og:image\" content=\"https:\/\/slavchess.com\/wp-content\/uploads\/2022\/12\/5215-Reform-Chess-Polgar.jpg\" \/>\n\t<meta property=\"og:image:width\" content=\"900\" \/>\n\t<meta property=\"og:image:height\" content=\"900\" \/>\n\t<meta property=\"og:image:type\" content=\"image\/jpeg\" \/>\n<meta name=\"twitter:card\" content=\"summary_large_image\" \/>\n<meta name=\"twitter:label1\" content=\"Est. reading time\" \/>\n\t<meta name=\"twitter:data1\" content=\"2 minutes\" \/>\n<script type=\"application\/ld+json\" class=\"yoast-schema-graph\">{\"@context\":\"https:\/\/schema.org\",\"@graph\":[{\"@type\":[\"WebPage\",\"ItemPage\"],\"@id\":\"https:\/\/slavchess.com\/en\/products\/%d7%a1%d7%a4%d7%a8-%d7%91%d7%90%d7%a0%d7%92%d7%9c%d7%99%d7%aa-reform-chess-by-laszlo-polgar\/\",\"url\":\"https:\/\/slavchess.com\/en\/products\/%d7%a1%d7%a4%d7%a8-%d7%91%d7%90%d7%a0%d7%92%d7%9c%d7%99%d7%aa-reform-chess-by-laszlo-polgar\/\",\"name\":\"Reform-Chess by L\u00e1szl\u00f3 Polg\u00e1r - Chess Store\",\"isPartOf\":{\"@id\":\"https:\/\/slavchess.com\/#website\"},\"primaryImageOfPage\":{\"@id\":\"https:\/\/slavchess.com\/en\/products\/%d7%a1%d7%a4%d7%a8-%d7%91%d7%90%d7%a0%d7%92%d7%9c%d7%99%d7%aa-reform-chess-by-laszlo-polgar\/#primaryimage\"},\"image\":{\"@id\":\"https:\/\/slavchess.com\/en\/products\/%d7%a1%d7%a4%d7%a8-%d7%91%d7%90%d7%a0%d7%92%d7%9c%d7%99%d7%aa-reform-chess-by-laszlo-polgar\/#primaryimage\"},\"thumbnailUrl\":\"https:\/\/slavchess.com\/wp-content\/uploads\/2022\/12\/5215-Reform-Chess-Polgar.jpg\",\"datePublished\":\"2022-12-14T11:33:30+00:00\",\"dateModified\":\"2022-12-14T11:36:34+00:00\",\"description\":\"Reform-Chess by L\u00e1szl\u00f3 Polg\u00e1r The only chess store in Israel and the official representative of the world's leading chess companies Chess Store\",\"breadcrumb\":{\"@id\":\"https:\/\/slavchess.com\/en\/products\/%d7%a1%d7%a4%d7%a8-%d7%91%d7%90%d7%a0%d7%92%d7%9c%d7%99%d7%aa-reform-chess-by-laszlo-polgar\/#breadcrumb\"},\"inLanguage\":\"en-US\",\"potentialAction\":[{\"@type\":\"ReadAction\",\"target\":[\"https:\/\/slavchess.com\/en\/products\/%d7%a1%d7%a4%d7%a8-%d7%91%d7%90%d7%a0%d7%92%d7%9c%d7%99%d7%aa-reform-chess-by-laszlo-polgar\/\"]}]},{\"@type\":\"ImageObject\",\"inLanguage\":\"en-US\",\"@id\":\"https:\/\/slavchess.com\/en\/products\/%d7%a1%d7%a4%d7%a8-%d7%91%d7%90%d7%a0%d7%92%d7%9c%d7%99%d7%aa-reform-chess-by-laszlo-polgar\/#primaryimage\",\"url\":\"https:\/\/slavchess.com\/wp-content\/uploads\/2022\/12\/5215-Reform-Chess-Polgar.jpg\",\"contentUrl\":\"https:\/\/slavchess.com\/wp-content\/uploads\/2022\/12\/5215-Reform-Chess-Polgar.jpg\",\"width\":900,\"height\":900,\"caption\":\"521515 Reform-Chess Polgar\"},{\"@type\":\"BreadcrumbList\",\"@id\":\"https:\/\/slavchess.com\/en\/products\/%d7%a1%d7%a4%d7%a8-%d7%91%d7%90%d7%a0%d7%92%d7%9c%d7%99%d7%aa-reform-chess-by-laszlo-polgar\/#breadcrumb\",\"itemListElement\":[{\"@type\":\"ListItem\",\"position\":1,\"name\":\"Home Page\",\"item\":\"https:\/\/slavchess.com\/en\/\"},{\"@type\":\"ListItem\",\"position\":2,\"name\":\"Shop\",\"item\":\"https:\/\/slavchess.com\/en\/shop\/\"},{\"@type\":\"ListItem\",\"position\":3,\"name\":\"\u05e1\u05e4\u05e8\u05d9 \u05e9\u05d7\u05de\u05d8\",\"item\":\"https:\/\/slavchess.com\/chess-books\/\"},{\"@type\":\"ListItem\",\"position\":4,\"name\":\"Reform-Chess by L\u00e1szl\u00f3 Polg\u00e1r\"}]},{\"@type\":\"WebSite\",\"@id\":\"https:\/\/slavchess.com\/#website\",\"url\":\"https:\/\/slavchess.com\/\",\"name\":\"\u05e9\u05dc\u05d5 \u05e9\u05d7\u05de\u05d8\",\"description\":\"\u05e9\u05dc\u05d5 \u05e9\u05d7\u05de\u05d8 - \u05d7\u05e0\u05d5\u05ea \u05e9\u05d7\u05de\u05d8 \u05d0\u05d5\u05e0\u05dc\u05d9\u05d9\u05df \u05dc\u05d7\u05d5\u05d1\u05d1\u05d9\u05dd \u05d5\u05de\u05e7\u05e6\u05d5\u05e2\u05e0\u05d9\u05dd\",\"publisher\":{\"@id\":\"https:\/\/slavchess.com\/#organization\"},\"potentialAction\":[{\"@type\":\"SearchAction\",\"target\":{\"@type\":\"EntryPoint\",\"urlTemplate\":\"https:\/\/slavchess.com\/?s={search_term_string}\"},\"query-input\":{\"@type\":\"PropertyValueSpecification\",\"valueRequired\":true,\"valueName\":\"search_term_string\"}}],\"inLanguage\":\"en-US\"},{\"@type\":\"Organization\",\"@id\":\"https:\/\/slavchess.com\/#organization\",\"name\":\"Slav Chess\",\"url\":\"https:\/\/slavchess.com\/\",\"logo\":{\"@type\":\"ImageObject\",\"inLanguage\":\"en-US\",\"@id\":\"https:\/\/slavchess.com\/#\/schema\/logo\/image\/\",\"url\":\"https:\/\/slavchess.com\/wp-content\/uploads\/2022\/06\/logo.svg\",\"contentUrl\":\"https:\/\/slavchess.com\/wp-content\/uploads\/2022\/06\/logo.svg\",\"width\":166,\"height\":60,\"caption\":\"Slav Chess\"},\"image\":{\"@id\":\"https:\/\/slavchess.com\/#\/schema\/logo\/image\/\"},\"sameAs\":[\"https:\/\/www.instagram.com\/slav.chess\/\"]}]}<\/script>\n<!-- \/ Yoast SEO plugin. -->","yoast_head_json":{"title":"Reform-Chess by L\u00e1szl\u00f3 Polg\u00e1r - Chess Store","description":"Reform-Chess by L\u00e1szl\u00f3 Polg\u00e1r The only chess store in Israel and the official representative of the world's leading chess companies Chess Store","robots":{"index":"index","follow":"follow","max-snippet":"max-snippet:-1","max-image-preview":"max-image-preview:large","max-video-preview":"max-video-preview:-1"},"canonical":"https:\/\/slavchess.com\/en\/products\/\u05e1\u05e4\u05e8-\u05d1\u05d0\u05e0\u05d2\u05dc\u05d9\u05ea-reform-chess-by-laszlo-polgar\/","og_locale":"en_US","og_type":"article","og_title":"Reform-Chess by L\u00e1szl\u00f3 Polg\u00e1r - Chess Store","og_description":"Reform-Chess by L\u00e1szl\u00f3 Polg\u00e1r The only chess store in Israel and the official representative of the world's leading chess companies Chess Store","og_url":"https:\/\/slavchess.com\/en\/products\/\u05e1\u05e4\u05e8-\u05d1\u05d0\u05e0\u05d2\u05dc\u05d9\u05ea-reform-chess-by-laszlo-polgar\/","og_site_name":"Chess Store","article_modified_time":"2022-12-14T11:36:34+00:00","og_image":[{"width":900,"height":900,"url":"https:\/\/slavchess.com\/wp-content\/uploads\/2022\/12\/5215-Reform-Chess-Polgar.jpg","type":"image\/jpeg"}],"twitter_card":"summary_large_image","twitter_misc":{"Est. reading time":"2 minutes"},"schema":{"@context":"https:\/\/schema.org","@graph":[{"@type":["WebPage","ItemPage"],"@id":"https:\/\/slavchess.com\/en\/products\/%d7%a1%d7%a4%d7%a8-%d7%91%d7%90%d7%a0%d7%92%d7%9c%d7%99%d7%aa-reform-chess-by-laszlo-polgar\/","url":"https:\/\/slavchess.com\/en\/products\/%d7%a1%d7%a4%d7%a8-%d7%91%d7%90%d7%a0%d7%92%d7%9c%d7%99%d7%aa-reform-chess-by-laszlo-polgar\/","name":"Reform-Chess by L\u00e1szl\u00f3 Polg\u00e1r - Chess Store","isPartOf":{"@id":"https:\/\/slavchess.com\/#website"},"primaryImageOfPage":{"@id":"https:\/\/slavchess.com\/en\/products\/%d7%a1%d7%a4%d7%a8-%d7%91%d7%90%d7%a0%d7%92%d7%9c%d7%99%d7%aa-reform-chess-by-laszlo-polgar\/#primaryimage"},"image":{"@id":"https:\/\/slavchess.com\/en\/products\/%d7%a1%d7%a4%d7%a8-%d7%91%d7%90%d7%a0%d7%92%d7%9c%d7%99%d7%aa-reform-chess-by-laszlo-polgar\/#primaryimage"},"thumbnailUrl":"https:\/\/slavchess.com\/wp-content\/uploads\/2022\/12\/5215-Reform-Chess-Polgar.jpg","datePublished":"2022-12-14T11:33:30+00:00","dateModified":"2022-12-14T11:36:34+00:00","description":"Reform-Chess by L\u00e1szl\u00f3 Polg\u00e1r The only chess store in Israel and the official representative of the world's leading chess companies Chess Store","breadcrumb":{"@id":"https:\/\/slavchess.com\/en\/products\/%d7%a1%d7%a4%d7%a8-%d7%91%d7%90%d7%a0%d7%92%d7%9c%d7%99%d7%aa-reform-chess-by-laszlo-polgar\/#breadcrumb"},"inLanguage":"en-US","potentialAction":[{"@type":"ReadAction","target":["https:\/\/slavchess.com\/en\/products\/%d7%a1%d7%a4%d7%a8-%d7%91%d7%90%d7%a0%d7%92%d7%9c%d7%99%d7%aa-reform-chess-by-laszlo-polgar\/"]}]},{"@type":"ImageObject","inLanguage":"en-US","@id":"https:\/\/slavchess.com\/en\/products\/%d7%a1%d7%a4%d7%a8-%d7%91%d7%90%d7%a0%d7%92%d7%9c%d7%99%d7%aa-reform-chess-by-laszlo-polgar\/#primaryimage","url":"https:\/\/slavchess.com\/wp-content\/uploads\/2022\/12\/5215-Reform-Chess-Polgar.jpg","contentUrl":"https:\/\/slavchess.com\/wp-content\/uploads\/2022\/12\/5215-Reform-Chess-Polgar.jpg","width":900,"height":900,"caption":"521515 Reform-Chess Polgar"},{"@type":"BreadcrumbList","@id":"https:\/\/slavchess.com\/en\/products\/%d7%a1%d7%a4%d7%a8-%d7%91%d7%90%d7%a0%d7%92%d7%9c%d7%99%d7%aa-reform-chess-by-laszlo-polgar\/#breadcrumb","itemListElement":[{"@type":"ListItem","position":1,"name":"Home Page","item":"https:\/\/slavchess.com\/en\/"},{"@type":"ListItem","position":2,"name":"Shop","item":"https:\/\/slavchess.com\/en\/shop\/"},{"@type":"ListItem","position":3,"name":"\u05e1\u05e4\u05e8\u05d9 \u05e9\u05d7\u05de\u05d8","item":"https:\/\/slavchess.com\/chess-books\/"},{"@type":"ListItem","position":4,"name":"Reform-Chess by L\u00e1szl\u00f3 Polg\u00e1r"}]},{"@type":"WebSite","@id":"https:\/\/slavchess.com\/#website","url":"https:\/\/slavchess.com\/","name":"\u05e9\u05dc\u05d5 \u05e9\u05d7\u05de\u05d8","description":"\u05e9\u05dc\u05d5 \u05e9\u05d7\u05de\u05d8 - \u05d7\u05e0\u05d5\u05ea \u05e9\u05d7\u05de\u05d8 \u05d0\u05d5\u05e0\u05dc\u05d9\u05d9\u05df \u05dc\u05d7\u05d5\u05d1\u05d1\u05d9\u05dd \u05d5\u05de\u05e7\u05e6\u05d5\u05e2\u05e0\u05d9\u05dd","publisher":{"@id":"https:\/\/slavchess.com\/#organization"},"potentialAction":[{"@type":"SearchAction","target":{"@type":"EntryPoint","urlTemplate":"https:\/\/slavchess.com\/?s={search_term_string}"},"query-input":{"@type":"PropertyValueSpecification","valueRequired":true,"valueName":"search_term_string"}}],"inLanguage":"en-US"},{"@type":"Organization","@id":"https:\/\/slavchess.com\/#organization","name":"Slav Chess","url":"https:\/\/slavchess.com\/","logo":{"@type":"ImageObject","inLanguage":"en-US","@id":"https:\/\/slavchess.com\/#\/schema\/logo\/image\/","url":"https:\/\/slavchess.com\/wp-content\/uploads\/2022\/06\/logo.svg","contentUrl":"https:\/\/slavchess.com\/wp-content\/uploads\/2022\/06\/logo.svg","width":166,"height":60,"caption":"Slav Chess"},"image":{"@id":"https:\/\/slavchess.com\/#\/schema\/logo\/image\/"},"sameAs":["https:\/\/www.instagram.com\/slav.chess\/"]}]}},"_links":{"self":[{"href":"https:\/\/slavchess.com\/en\/wp-json\/wp\/v2\/product\/1533","targetHints":{"allow":["GET"]}}],"collection":[{"href":"https:\/\/slavchess.com\/en\/wp-json\/wp\/v2\/product"}],"about":[{"href":"https:\/\/slavchess.com\/en\/wp-json\/wp\/v2\/types\/product"}],"replies":[{"embeddable":true,"href":"https:\/\/slavchess.com\/en\/wp-json\/wp\/v2\/comments?post=1533"}],"wp:featuredmedia":[{"embeddable":true,"href":"https:\/\/slavchess.com\/en\/wp-json\/wp\/v2\/media\/1532"}],"wp:attachment":[{"href":"https:\/\/slavchess.com\/en\/wp-json\/wp\/v2\/media?parent=1533"}],"wp:term":[{"taxonomy":"product_brand","embeddable":true,"href":"https:\/\/slavchess.com\/en\/wp-json\/wp\/v2\/product_brand?post=1533"},{"taxonomy":"product_cat","embeddable":true,"href":"https:\/\/slavchess.com\/en\/wp-json\/wp\/v2\/product_cat?post=1533"},{"taxonomy":"product_tag","embeddable":true,"href":"https:\/\/slavchess.com\/en\/wp-json\/wp\/v2\/product_tag?post=1533"}],"curies":[{"name":"wp","href":"https:\/\/api.w.org\/{rel}","templated":true}]}}